{"id":358,"date":"2020-04-28T18:49:15","date_gmt":"2020-04-28T18:49:15","guid":{"rendered":"http:\/\/grupoferrobrascombr.rnpneus.dominiotemporario.com\/site\/?page_id=358"},"modified":"2020-05-01T17:54:01","modified_gmt":"2020-05-01T17:54:01","slug":"orcamento-ferrobras","status":"publish","type":"page","link":"http:\/\/grupoferrobrascombr.rnpneus.dominiotemporario.com\/site\/orcamento-ferrobras\/","title":{"rendered":"Or\u00e7amento ferrobras"},"content":{"rendered":"\t\t<div data-elementor-type=\"wp-page\" data-elementor-id=\"358\" class=\"elementor elementor-358\" data-elementor-settings=\"[]\">\n\t\t\t\t\t\t<div class=\"elementor-inner\">\n\t\t\t\t\t\t\t<div class=\"elementor-section-wrap\">\n\t\t\t\t\t\t\t<section class=\"elementor-section elementor-top-section elementor-element elementor-element-a640ed4 elementor-section-boxed elementor-section-height-default elementor-section-height-default\" data-id=\"a640ed4\" data-element_type=\"section\">\n\t\t\t\t\t\t<div class=\"elementor-container elementor-column-gap-default\">\n\t\t\t\t\t\t\t<div class=\"elementor-row\">\n\t\t\t\t\t<div class=\"elementor-column elementor-col-100 elementor-top-column elementor-element elementor-element-f1a2c3c\" data-id=\"f1a2c3c\" data-element_type=\"column\">\n\t\t\t<div class=\"elementor-column-wrap elementor-element-populated\">\n\t\t\t\t\t\t\t<div class=\"elementor-widget-wrap\">\n\t\t\t\t\t\t<div class=\"elementor-element elementor-element-82da2cd elementor-widget elementor-widget-heading\" data-id=\"82da2cd\" data-element_type=\"widget\" data-widget_type=\"heading.default\">\n\t\t\t\t<div class=\"elementor-widget-container\">\n\t\t\t<h2 class=\"elementor-heading-title elementor-size-default\">Or\u00e7amento \/ Corte e Dobra<\/h2>\t\t<\/div>\n\t\t\t\t<\/div>\n\t\t\t\t<div class=\"elementor-element elementor-element-09aa79c elementor-widget-divider--view-line elementor-widget elementor-widget-divider\" data-id=\"09aa79c\" data-element_type=\"widget\" data-widget_type=\"divider.default\">\n\t\t\t\t<div class=\"elementor-widget-container\">\n\t\t\t\t\t<div class=\"elementor-divider\">\n\t\t\t<span class=\"elementor-divider-separator\">\n\t\t\t\t\t\t<\/span>\n\t\t<\/div>\n\t\t\t\t<\/div>\n\t\t\t\t<\/div>\n\t\t\t\t\t\t<\/div>\n\t\t\t\t\t<\/div>\n\t\t<\/div>\n\t\t\t\t\t\t\t\t<\/div>\n\t\t\t\t\t<\/div>\n\t\t<\/section>\n\t\t\t\t<section class=\"elementor-section elementor-top-section elementor-element elementor-element-464d64a elementor-section-boxed elementor-section-height-default elementor-section-height-default\" data-id=\"464d64a\" data-element_type=\"section\">\n\t\t\t\t\t\t<div class=\"elementor-container elementor-column-gap-default\">\n\t\t\t\t\t\t\t<div class=\"elementor-row\">\n\t\t\t\t\t<div class=\"elementor-column elementor-col-100 elementor-top-column elementor-element elementor-element-4a82ae0\" data-id=\"4a82ae0\" data-element_type=\"column\">\n\t\t\t<div class=\"elementor-column-wrap elementor-element-populated\">\n\t\t\t\t\t\t\t<div class=\"elementor-widget-wrap\">\n\t\t\t\t\t\t<div class=\"elementor-element elementor-element-eaff069 elementor-widget elementor-widget-wp-widget-caldera_forms_widget\" data-id=\"eaff069\" data-element_type=\"widget\" data-widget_type=\"wp-widget-caldera_forms_widget.default\">\n\t\t\t\t<div class=\"elementor-widget-container\">\n\t\t\t<h5> <\/h5><div class=\"caldera-grid\" id=\"caldera_form_1\" data-cf-ver=\"1.9.4\" data-cf-form-id=\"CF5eac5199c3927\"><div id=\"caldera_notices_1\" data-spinner=\"http:\/\/grupoferrobrascombr.rnpneus.dominiotemporario.com\/site\/wp-admin\/images\/spinner.gif\"><\/div><form data-instance=\"1\" class=\"CF5eac5199c3927 caldera_forms_form cfajax-trigger\" method=\"POST\" enctype=\"multipart\/form-data\" id=\"CF5eac5199c3927_1\" data-form-id=\"CF5eac5199c3927\" aria-label=\"Or&ccedil;amentos\" data-target=\"#caldera_notices_1\" data-template=\"#cfajax_CF5eac5199c3927-tmpl\" data-cfajax=\"CF5eac5199c3927\" data-load-element=\"_parent\" data-load-class=\"cf_processing\" data-post-disable=\"0\" data-action=\"cf_process_ajax_submit\" data-request=\"http:\/\/grupoferrobrascombr.rnpneus.dominiotemporario.com\/site\/cf-api\/CF5eac5199c3927\">\r\n<input type=\"hidden\" id=\"_cf_verify_CF5eac5199c3927\" name=\"_cf_verify\" value=\"294f5d07e5\"  data-nonce-time=\"1778331031\" \/><input type=\"hidden\" name=\"_wp_http_referer\" value=\"\/site\/wp-json\/wp\/v2\/pages\/358\" \/><div id=\"cf2-CF5eac5199c3927_1\"><\/div><input type=\"hidden\" name=\"_cf_frm_id\" value=\"CF5eac5199c3927\">\r\n<input type=\"hidden\" name=\"_cf_frm_ct\" value=\"1\">\r\n<input type=\"hidden\" name=\"cfajax\" value=\"CF5eac5199c3927\">\r\n<input type=\"hidden\" name=\"_cf_cr_pst\" value=\"358\">\r\n<div class=\"hide\" style=\"display:none; overflow:hidden;height:0;width:0;\">\r\n<label>Order Number<\/label><input type=\"text\" name=\"order_number\" value=\"\" autocomplete=\"off\">\r\n<\/div><div id=\"CF5eac5199c3927_1-row-1\"  class=\"row  first_row\"><div  class=\"col-sm-6  first_col\"><div data-field-wrapper=\"fld_6454374\" class=\"form-group\" id=\"fld_6454374_1-wrap\">\r\n\t<label id=\"fld_6454374Label\" for=\"fld_6454374_1\" class=\"control-label\">Nome <span aria-hidden=\"true\" role=\"presentation\" class=\"field_required\" style=\"color:#ee0000;\">*<\/span><\/label>\r\n\t<div class=\"\">\r\n\t\t<input   required type=\"text\" data-field=\"fld_6454374\" class=\" form-control\" id=\"fld_6454374_1\" name=\"fld_6454374\" value=\"\" data-type=\"text\" aria-required=\"true\"   aria-labelledby=\"fld_6454374Label\" >\t\t\t<\/div>\r\n<\/div>\r\n<\/div><div  class=\"col-sm-6  last_col\"><div data-field-wrapper=\"fld_5837419\" class=\"form-group\" id=\"fld_5837419_1-wrap\">\r\n\t<label id=\"fld_5837419Label\" for=\"fld_5837419_1\" class=\"control-label\">Email <span aria-hidden=\"true\" role=\"presentation\" class=\"field_required\" style=\"color:#ee0000;\">*<\/span><\/label>\r\n\t<div class=\"\">\r\n\t\t<input   required type=\"email\" data-field=\"fld_5837419\" class=\" form-control\" id=\"fld_5837419_1\" name=\"fld_5837419\" value=\"\" data-type=\"email\" aria-required=\"true\"   aria-labelledby=\"fld_5837419Label\" >\t\t\t<\/div>\r\n<\/div>\r\n<\/div><\/div><div id=\"CF5eac5199c3927_1-row-2\"  class=\"row \"><div  class=\"col-sm-8  first_col\"><div data-field-wrapper=\"fld_9133655\" class=\"form-group cidade_que_deseja_falar\" id=\"fld_9133655_1-wrap\">\r\n\t<label id=\"fld_9133655Label\" for=\"fld_9133655_1\" class=\"control-label\">Cidade que deseja falar <span aria-hidden=\"true\" role=\"presentation\" class=\"field_required\" style=\"color:#ee0000;\">*<\/span><\/label>\r\n\t<div class=\"\">\r\n\t\t<select name=\"fld_9133655\" value=\"\" data-field=\"fld_9133655\" class=\"form-control\" id=\"fld_9133655_1\"  required=\"required\"  aria-labelledby=\"fld_9133655Label\" >\n\t\t<option value=\"\" disabled selected>Escolha a cidade que deseja falar<\/option>\t\t\t\t\t<option value=\"Muria\u00e9\"  data-calc-value=\"Muria\u00e9\" >\n\t\t\t\t\t\tMuria\u00e9\t\t\t\t\t<\/option>\n\t\t\t\t\t\t\t\t\t\t<option value=\"Caratinga\"  data-calc-value=\"Caratinga\" >\n\t\t\t\t\t\tCaratinga\t\t\t\t\t<\/option>\n\t\t\t\t\t\t\t\t\t\t<option value=\"Itaperuna\"  data-calc-value=\"Itaperuna\" >\n\t\t\t\t\t\tItaperuna\t\t\t\t\t<\/option>\n\t\t\t\t\t\t\t<\/select>\n\t\t\t<\/div>\r\n<\/div>\r\n<\/div><div  class=\"col-sm-4  last_col\"><div data-field-wrapper=\"fld_197758\" class=\"form-group\" id=\"fld_197758_1-wrap\">\r\n\t<label id=\"fld_197758Label\" for=\"fld_197758_1\" class=\"control-label\">Telefone <span aria-hidden=\"true\" role=\"presentation\" class=\"field_required\" style=\"color:#ee0000;\">*<\/span><\/label>\r\n\t<div class=\"\">\r\n\t\t<input placeholder=\"Seu telefone\"  required type=\"tel\" data-field=\"fld_197758\" class=\" form-control\" id=\"fld_197758_1\" name=\"fld_197758\" value=\"+55\" data-type=\"phone_better\" aria-required=\"true\"   aria-labelledby=\"fld_197758Label\" >\t\t\t<\/div>\r\n<\/div>\r\n<\/div><\/div><div id=\"CF5eac5199c3927_1-row-3\"  class=\"row  last_row\"><div  class=\"col-sm-12  single\"><div data-field-wrapper=\"fld_1562025\" class=\"form-group\" id=\"fld_1562025_1-wrap\">\r\n\t<label id=\"fld_1562025Label\" for=\"fld_1562025_1\" class=\"control-label\">Or\u00e7amento<\/label>\r\n\t<div class=\"\">\r\n\t\t<textarea name=\"fld_1562025\" value=\"\" data-field=\"fld_1562025\" class=\"form-control\" id=\"fld_1562025_1\" rows=\"20\" placeholder=\"Digite aqui o or\u00e7amento\"    aria-labelledby=\"fld_1562025Label\" ><\/textarea>\n\t\t\t<\/div>\r\n<\/div>\r\n<div data-field-wrapper=\"fld_3640447\" class=\"form-group\" id=\"fld_3640447_1-wrap\">\r\n\t<label id=\"fld_3640447Label\" for=\"fld_3640447_1\" class=\"control-label screen-reader-text sr-only\">Confirma\u00e7\u00e3o que as medidas s\u00e3o para or\u00e7amento<\/label>\r\n\t<div class=\"\">\r\n\t\t\t\t\t\t\t\t\t\t\t<div class=\"checkbox\">\n\t\t\t\t\n                <label                         for=\"fld_3640447_1_opt1160417\"\n                >\n                            <input\n                                data-parsley-required=\"true\" data-parsley-group=\"fld_3640447_1\" data-parsley-multiple=\"fld_3640447_1\"                                type=\"checkbox\"\n                                data-label=\"Estou ciente que as medidas enviadas neste formul\u00e1rio s\u00e3o apenas para fins de or\u00e7amento.\"\n                                data-field=\"fld_3640447\"\n                                id=\"fld_3640447_1_opt1160417\"\n                                class=\"fld_3640447_1 option-required\"\n                                name=\"fld_3640447[opt1160417]\"\n                                value=\"Estou ciente que as medidas enviadas neste formul\u00e1rio s\u00e3o apenas para fins de or\u00e7amento.\"\n                                                                data-type=\"checkbox\"\n                                data-checkbox-field=\"fld_3640447_1\"\n                                                                data-calc-value=\"Estou ciente que as medidas enviadas neste formul\u00e1rio s\u00e3o apenas para fins de or\u00e7amento.\"\n                            >\n                    Estou ciente que as medidas enviadas neste formul\u00e1rio s\u00e3o apenas para fins de or\u00e7amento.                <\/label>\n\n                \t\t\t\t\t<\/div>\n\t\t\t\t\t\t\t\t\t\t\t<\/div>\r\n<\/div>\r\n<div data-field-wrapper=\"fld_2147027\" class=\"form-group\" id=\"fld_2147027_1-wrap\">\r\n<div class=\"\">\r\n\t<input  class=\"btn btn-default\" type=\"submit\" name=\"fld_2147027\" id=\"fld_2147027_1\" value=\"Enviar Or\u00e7amento\" data-field=\"fld_2147027\"  >\n<\/div>\r\n<\/div>\r\n\t<input class=\"button_trigger_1\" type=\"hidden\" name=\"fld_2147027\" id=\"fld_2147027_1_btn\" value=\"\" data-field=\"fld_2147027\"  \/>\n<\/div><\/div><\/form>\r\n<\/div>\r\n\t\t<\/div>\n\t\t\t\t<\/div>\n\t\t\t\t\t\t<\/div>\n\t\t\t\t\t<\/div>\n\t\t<\/div>\n\t\t\t\t\t\t\t\t<\/div>\n\t\t\t\t\t<\/div>\n\t\t<\/section>\n\t\t\t\t<section class=\"elementor-section elementor-top-section elementor-element elementor-element-2da34ed elementor-section-boxed elementor-section-height-default elementor-section-height-default\" data-id=\"2da34ed\" data-element_type=\"section\">\n\t\t\t\t\t\t<div class=\"elementor-container elementor-column-gap-default\">\n\t\t\t\t\t\t\t<div class=\"elementor-row\">\n\t\t\t\t\t<div class=\"elementor-column elementor-col-100 elementor-top-column elementor-element elementor-element-5b2f88f\" data-id=\"5b2f88f\" data-element_type=\"column\">\n\t\t\t<div class=\"elementor-column-wrap elementor-element-populated\">\n\t\t\t\t\t\t\t<div class=\"elementor-widget-wrap\">\n\t\t\t\t\t\t<div class=\"elementor-element elementor-element-a8db01b elementor-align-justify elementor-widget elementor-widget-button\" data-id=\"a8db01b\" data-element_type=\"widget\" data-widget_type=\"button.default\">\n\t\t\t\t<div class=\"elementor-widget-container\">\n\t\t\t\t\t<div class=\"elementor-button-wrapper\">\n\t\t\t<a href=\"http:\/\/grupoferrobrascombr.rnpneus.dominiotemporario.com\/site\" class=\"elementor-button-link elementor-button elementor-size-sm\" role=\"button\">\n\t\t\t\t\t\t<span class=\"elementor-button-content-wrapper\">\n\t\t\t\t\t\t<span class=\"elementor-button-text\">VOLTAR PARA A P\u00c1GINA INICIAL<\/span>\n\t\t<\/span>\n\t\t\t\t\t<\/a>\n\t\t<\/div>\n\t\t\t\t<\/div>\n\t\t\t\t<\/div>\n\t\t\t\t\t\t<\/div>\n\t\t\t\t\t<\/div>\n\t\t<\/div>\n\t\t\t\t\t\t\t\t<\/div>\n\t\t\t\t\t<\/div>\n\t\t<\/section>\n\t\t\t\t\t\t<\/div>\n\t\t\t\t\t\t<\/div>\n\t\t\t\t\t<\/div>\n\t\t","protected":false},"excerpt":{"rendered":"<p>Or\u00e7amento \/ Corte e Dobra VOLTAR PARA A P\u00c1GINA INICIAL<\/p>\n","protected":false},"author":1,"featured_media":0,"parent":0,"menu_order":0,"comment_status":"closed","ping_status":"closed","template":"","meta":[],"_links":{"self":[{"href":"http:\/\/grupoferrobrascombr.rnpneus.dominiotemporario.com\/site\/wp-json\/wp\/v2\/pages\/358"}],"collection":[{"href":"http:\/\/grupoferrobrascombr.rnpneus.dominiotemporario.com\/site\/wp-json\/wp\/v2\/pages"}],"about":[{"href":"http:\/\/grupoferrobrascombr.rnpneus.dominiotemporario.com\/site\/wp-json\/wp\/v2\/types\/page"}],"author":[{"embeddable":true,"href":"http:\/\/grupoferrobrascombr.rnpneus.dominiotemporario.com\/site\/wp-json\/wp\/v2\/users\/1"}],"replies":[{"embeddable":true,"href":"http:\/\/grupoferrobrascombr.rnpneus.dominiotemporario.com\/site\/wp-json\/wp\/v2\/comments?post=358"}],"version-history":[{"count":10,"href":"http:\/\/grupoferrobrascombr.rnpneus.dominiotemporario.com\/site\/wp-json\/wp\/v2\/pages\/358\/revisions"}],"predecessor-version":[{"id":420,"href":"http:\/\/grupoferrobrascombr.rnpneus.dominiotemporario.com\/site\/wp-json\/wp\/v2\/pages\/358\/revisions\/420"}],"wp:attachment":[{"href":"http:\/\/grupoferrobrascombr.rnpneus.dominiotemporario.com\/site\/wp-json\/wp\/v2\/media?parent=358"}],"curies":[{"name":"wp","href":"https:\/\/api.w.org\/{rel}","templated":true}]}}