{"id":364,"date":"2020-04-28T19:08:50","date_gmt":"2020-04-28T19:08:50","guid":{"rendered":"http:\/\/grupoferrobrascombr.rnpneus.dominiotemporario.com\/site\/?page_id=364"},"modified":"2020-05-04T18:30:59","modified_gmt":"2020-05-04T18:30:59","slug":"historia-ferrobras","status":"publish","type":"page","link":"http:\/\/grupoferrobrascombr.rnpneus.dominiotemporario.com\/site\/historia-ferrobras\/","title":{"rendered":"Hist\u00f3ria Ferrobras"},"content":{"rendered":"\t\t<div data-elementor-type=\"wp-page\" data-elementor-id=\"364\" class=\"elementor elementor-364\" data-elementor-settings=\"[]\">\n\t\t\t\t\t\t<div class=\"elementor-inner\">\n\t\t\t\t\t\t\t<div class=\"elementor-section-wrap\">\n\t\t\t\t\t\t\t<section class=\"elementor-section elementor-top-section elementor-element elementor-element-907b634 elementor-section-boxed elementor-section-height-default elementor-section-height-default\" data-id=\"907b634\" data-element_type=\"section\">\n\t\t\t\t\t\t<div class=\"elementor-container elementor-column-gap-default\">\n\t\t\t\t\t\t\t<div class=\"elementor-row\">\n\t\t\t\t\t<div class=\"elementor-column elementor-col-100 elementor-top-column elementor-element elementor-element-58ebf78\" data-id=\"58ebf78\" data-element_type=\"column\">\n\t\t\t<div class=\"elementor-column-wrap elementor-element-populated\">\n\t\t\t\t\t\t\t<div class=\"elementor-widget-wrap\">\n\t\t\t\t\t\t<div class=\"elementor-element elementor-element-8af1848 elementor-widget elementor-widget-image\" data-id=\"8af1848\" data-element_type=\"widget\" data-widget_type=\"image.default\">\n\t\t\t\t<div class=\"elementor-widget-container\">\n\t\t\t\t\t\t\t\t<div class=\"elementor-image\">\n\t\t\t\t\t\t\t\t\t\t\t\t<img width=\"1140\" height=\"286\" src=\"http:\/\/grupoferrobrascombr.rnpneus.dominiotemporario.com\/site\/wp-content\/uploads\/2020\/05\/historia-ferrobras.jpg\" class=\"attachment-2048x2048 size-2048x2048\" alt=\"\" loading=\"lazy\" srcset=\"http:\/\/grupoferrobrascombr.rnpneus.dominiotemporario.com\/site\/wp-content\/uploads\/2020\/05\/historia-ferrobras.jpg 1140w, http:\/\/grupoferrobrascombr.rnpneus.dominiotemporario.com\/site\/wp-content\/uploads\/2020\/05\/historia-ferrobras-300x75.jpg 300w, http:\/\/grupoferrobrascombr.rnpneus.dominiotemporario.com\/site\/wp-content\/uploads\/2020\/05\/historia-ferrobras-1024x257.jpg 1024w, http:\/\/grupoferrobrascombr.rnpneus.dominiotemporario.com\/site\/wp-content\/uploads\/2020\/05\/historia-ferrobras-768x193.jpg 768w\" sizes=\"100vw\" \/>\t\t\t\t\t\t\t\t\t\t\t\t\t\t<\/div>\n\t\t\t\t\t\t<\/div>\n\t\t\t\t<\/div>\n\t\t\t\t\t\t<\/div>\n\t\t\t\t\t<\/div>\n\t\t<\/div>\n\t\t\t\t\t\t\t\t<\/div>\n\t\t\t\t\t<\/div>\n\t\t<\/section>\n\t\t\t\t<section class=\"elementor-section elementor-top-section elementor-element elementor-element-a640ed4 elementor-section-boxed elementor-section-height-default elementor-section-height-default\" data-id=\"a640ed4\" data-element_type=\"section\">\n\t\t\t\t\t\t<div class=\"elementor-container elementor-column-gap-default\">\n\t\t\t\t\t\t\t<div class=\"elementor-row\">\n\t\t\t\t\t<div class=\"elementor-column elementor-col-100 elementor-top-column elementor-element elementor-element-f1a2c3c\" data-id=\"f1a2c3c\" data-element_type=\"column\">\n\t\t\t<div class=\"elementor-column-wrap elementor-element-populated\">\n\t\t\t\t\t\t\t<div class=\"elementor-widget-wrap\">\n\t\t\t\t\t\t<div class=\"elementor-element elementor-element-1edd689 elementor-widget elementor-widget-heading\" data-id=\"1edd689\" data-element_type=\"widget\" data-widget_type=\"heading.default\">\n\t\t\t\t<div class=\"elementor-widget-container\">\n\t\t\t<h2 class=\"elementor-heading-title elementor-size-default\">Hist\u00f3ria <\/h2>\t\t<\/div>\n\t\t\t\t<\/div>\n\t\t\t\t<div class=\"elementor-element elementor-element-09aa79c elementor-widget-divider--view-line elementor-widget elementor-widget-divider\" data-id=\"09aa79c\" data-element_type=\"widget\" data-widget_type=\"divider.default\">\n\t\t\t\t<div class=\"elementor-widget-container\">\n\t\t\t\t\t<div class=\"elementor-divider\">\n\t\t\t<span class=\"elementor-divider-separator\">\n\t\t\t\t\t\t<\/span>\n\t\t<\/div>\n\t\t\t\t<\/div>\n\t\t\t\t<\/div>\n\t\t\t\t\t\t<\/div>\n\t\t\t\t\t<\/div>\n\t\t<\/div>\n\t\t\t\t\t\t\t\t<\/div>\n\t\t\t\t\t<\/div>\n\t\t<\/section>\n\t\t\t\t<section class=\"elementor-section elementor-top-section elementor-element elementor-element-464d64a elementor-section-boxed elementor-section-height-default elementor-section-height-default\" data-id=\"464d64a\" data-element_type=\"section\">\n\t\t\t\t\t\t<div class=\"elementor-container elementor-column-gap-default\">\n\t\t\t\t\t\t\t<div class=\"elementor-row\">\n\t\t\t\t\t<div class=\"elementor-column elementor-col-100 elementor-top-column elementor-element elementor-element-4a82ae0\" data-id=\"4a82ae0\" data-element_type=\"column\">\n\t\t\t<div class=\"elementor-column-wrap elementor-element-populated\">\n\t\t\t\t\t\t\t<div class=\"elementor-widget-wrap\">\n\t\t\t\t\t\t<div class=\"elementor-element elementor-element-40be2cd elementor-widget elementor-widget-text-editor\" data-id=\"40be2cd\" data-element_type=\"widget\" data-widget_type=\"text-editor.default\">\n\t\t\t\t<div class=\"elementor-widget-container\">\n\t\t\t\t\t\t\t\t<div class=\"elementor-text-editor elementor-clearfix\">\n\t\t\t\t\t<p>A Ferrobras nasceu da car\u00eancia na distribui\u00e7\u00e3o de produtos sider\u00fargicos na cidade de Muria\u00e9, tarefa que cabia a empresas de outras cidades e estados at\u00e9 ent\u00e3o. Ap\u00f3s uma pesquisa de mercado que confirmou a viabilidade do empreendimento, em mar\u00e7o de 1996 foi inaugurada a primeira loja, em um galp\u00e3o alugado no bairro da Barra. Com prop\u00f3sito diferente em distribui\u00e7\u00e3o de uma \u201ccommodity\u201d, a Ferrobras sempre se preocupou com o servi\u00e7o que presta a seus clientes, comercializando produtos de qualidade certificada, a pre\u00e7os justos, atendimento diferenciado e entrega eficaz.<\/p><p>Com muito trabalho e esfor\u00e7o o neg\u00f3cio prosperou e a distribui\u00e7\u00e3o alcan\u00e7ou outras cidades da regi\u00e3o que n\u00e3o tinham acesso a produtos sider\u00fargicos de qualidade a pre\u00e7os razo\u00e1veis.<\/p><p>Em 1999 a Ferrobras come\u00e7a a se instalar em outras cidades com a abertura da filial de Caratinga, tamb\u00e9m pautada nos mesmos valores e prop\u00f3sitos. Em 2001 e 2005 foram constru\u00eddas sedes pr\u00f3prias em Muria\u00e9 e Caratinga. Em 2013 outra nova unidade, agora na cidade de Itaperuna.<\/p><p>Com o passar do tempo a empresa cresceu, hoje conta com mais de 100 colaboradores e tornou-se referencia no mercado que atua. Mas, n\u00e3o vamos parar por ai, novas unidades ser\u00e3o abertas, outros produtos e servi\u00e7os ser\u00e3o agregados ao nosso portf\u00f3lio e vamos continuar ajudando a construir o futuro do Brasil.<\/p>\t\t\t\t\t<\/div>\n\t\t\t\t\t\t<\/div>\n\t\t\t\t<\/div>\n\t\t\t\t\t\t<\/div>\n\t\t\t\t\t<\/div>\n\t\t<\/div>\n\t\t\t\t\t\t\t\t<\/div>\n\t\t\t\t\t<\/div>\n\t\t<\/section>\n\t\t\t\t<section class=\"elementor-section elementor-top-section elementor-element elementor-element-a14756a elementor-section-boxed elementor-section-height-default elementor-section-height-default\" data-id=\"a14756a\" data-element_type=\"section\">\n\t\t\t\t\t\t<div class=\"elementor-container elementor-column-gap-default\">\n\t\t\t\t\t\t\t<div class=\"elementor-row\">\n\t\t\t\t\t<div class=\"elementor-column elementor-col-100 elementor-top-column elementor-element elementor-element-cdd57ca\" data-id=\"cdd57ca\" data-element_type=\"column\">\n\t\t\t<div class=\"elementor-column-wrap elementor-element-populated\">\n\t\t\t\t\t\t\t<div class=\"elementor-widget-wrap\">\n\t\t\t\t\t\t<div class=\"elementor-element elementor-element-8fe9bbc elementor-widget elementor-widget-heading\" data-id=\"8fe9bbc\" data-element_type=\"widget\" data-widget_type=\"heading.default\">\n\t\t\t\t<div class=\"elementor-widget-container\">\n\t\t\t<h2 class=\"elementor-heading-title elementor-size-default\">Vis\u00e3o<\/h2>\t\t<\/div>\n\t\t\t\t<\/div>\n\t\t\t\t<div class=\"elementor-element elementor-element-14338aa elementor-widget-divider--view-line elementor-widget elementor-widget-divider\" data-id=\"14338aa\" data-element_type=\"widget\" data-widget_type=\"divider.default\">\n\t\t\t\t<div class=\"elementor-widget-container\">\n\t\t\t\t\t<div class=\"elementor-divider\">\n\t\t\t<span class=\"elementor-divider-separator\">\n\t\t\t\t\t\t<\/span>\n\t\t<\/div>\n\t\t\t\t<\/div>\n\t\t\t\t<\/div>\n\t\t\t\t\t\t<\/div>\n\t\t\t\t\t<\/div>\n\t\t<\/div>\n\t\t\t\t\t\t\t\t<\/div>\n\t\t\t\t\t<\/div>\n\t\t<\/section>\n\t\t\t\t<section class=\"elementor-section elementor-top-section elementor-element elementor-element-817db51 elementor-section-boxed elementor-section-height-default elementor-section-height-default\" data-id=\"817db51\" data-element_type=\"section\">\n\t\t\t\t\t\t<div class=\"elementor-container elementor-column-gap-default\">\n\t\t\t\t\t\t\t<div class=\"elementor-row\">\n\t\t\t\t\t<div class=\"elementor-column elementor-col-100 elementor-top-column elementor-element elementor-element-f2c3f74\" data-id=\"f2c3f74\" data-element_type=\"column\">\n\t\t\t<div class=\"elementor-column-wrap elementor-element-populated\">\n\t\t\t\t\t\t\t<div class=\"elementor-widget-wrap\">\n\t\t\t\t\t\t<div class=\"elementor-element elementor-element-383fce9 elementor-widget elementor-widget-text-editor\" data-id=\"383fce9\" data-element_type=\"widget\" data-widget_type=\"text-editor.default\">\n\t\t\t\t<div class=\"elementor-widget-container\">\n\t\t\t\t\t\t\t\t<div class=\"elementor-text-editor elementor-clearfix\">\n\t\t\t\t\t<p>Criar Facilidades para as pessoas construirem, contribuindo para o desenvolvimento.<\/p>\t\t\t\t\t<\/div>\n\t\t\t\t\t\t<\/div>\n\t\t\t\t<\/div>\n\t\t\t\t\t\t<\/div>\n\t\t\t\t\t<\/div>\n\t\t<\/div>\n\t\t\t\t\t\t\t\t<\/div>\n\t\t\t\t\t<\/div>\n\t\t<\/section>\n\t\t\t\t<section class=\"elementor-section elementor-top-section elementor-element elementor-element-54ddbeb elementor-section-boxed elementor-section-height-default elementor-section-height-default\" data-id=\"54ddbeb\" data-element_type=\"section\">\n\t\t\t\t\t\t<div class=\"elementor-container elementor-column-gap-default\">\n\t\t\t\t\t\t\t<div class=\"elementor-row\">\n\t\t\t\t\t<div class=\"elementor-column elementor-col-100 elementor-top-column elementor-element elementor-element-858432a\" data-id=\"858432a\" data-element_type=\"column\">\n\t\t\t<div class=\"elementor-column-wrap elementor-element-populated\">\n\t\t\t\t\t\t\t<div class=\"elementor-widget-wrap\">\n\t\t\t\t\t\t<div class=\"elementor-element elementor-element-284393f elementor-widget elementor-widget-heading\" data-id=\"284393f\" data-element_type=\"widget\" data-widget_type=\"heading.default\">\n\t\t\t\t<div class=\"elementor-widget-container\">\n\t\t\t<h2 class=\"elementor-heading-title elementor-size-default\">Vis\u00e3o<\/h2>\t\t<\/div>\n\t\t\t\t<\/div>\n\t\t\t\t<div class=\"elementor-element elementor-element-c28204d elementor-widget-divider--view-line elementor-widget elementor-widget-divider\" data-id=\"c28204d\" data-element_type=\"widget\" data-widget_type=\"divider.default\">\n\t\t\t\t<div class=\"elementor-widget-container\">\n\t\t\t\t\t<div class=\"elementor-divider\">\n\t\t\t<span class=\"elementor-divider-separator\">\n\t\t\t\t\t\t<\/span>\n\t\t<\/div>\n\t\t\t\t<\/div>\n\t\t\t\t<\/div>\n\t\t\t\t\t\t<\/div>\n\t\t\t\t\t<\/div>\n\t\t<\/div>\n\t\t\t\t\t\t\t\t<\/div>\n\t\t\t\t\t<\/div>\n\t\t<\/section>\n\t\t\t\t<section class=\"elementor-section elementor-top-section elementor-element elementor-element-ade20c2 elementor-section-boxed elementor-section-height-default elementor-section-height-default\" data-id=\"ade20c2\" data-element_type=\"section\">\n\t\t\t\t\t\t<div class=\"elementor-container elementor-column-gap-default\">\n\t\t\t\t\t\t\t<div class=\"elementor-row\">\n\t\t\t\t\t<div class=\"elementor-column elementor-col-100 elementor-top-column elementor-element elementor-element-90814a1\" data-id=\"90814a1\" data-element_type=\"column\">\n\t\t\t<div class=\"elementor-column-wrap elementor-element-populated\">\n\t\t\t\t\t\t\t<div class=\"elementor-widget-wrap\">\n\t\t\t\t\t\t<div class=\"elementor-element elementor-element-2b2be62 elementor-widget elementor-widget-text-editor\" data-id=\"2b2be62\" data-element_type=\"widget\" data-widget_type=\"text-editor.default\">\n\t\t\t\t<div class=\"elementor-widget-container\">\n\t\t\t\t\t\t\t\t<div class=\"elementor-text-editor elementor-clearfix\">\n\t\t\t\t\t<ul><li>Informalidade nas rela\u00e7\u00f5es humanas.<\/li><li>Compromisso constante com a satisfa\u00e7\u00e3o dos clientes.<\/li><li>Conduta \u00e9tica nas nossas rela\u00e7\u00f5es.<\/li><li>Valoriza\u00e7\u00e3o de pr\u00e1ticas inovadoras.<\/li><li>Busca por resultados sustent\u00e1veis com integridade.<\/li><\/ul>\t\t\t\t\t<\/div>\n\t\t\t\t\t\t<\/div>\n\t\t\t\t<\/div>\n\t\t\t\t\t\t<\/div>\n\t\t\t\t\t<\/div>\n\t\t<\/div>\n\t\t\t\t\t\t\t\t<\/div>\n\t\t\t\t\t<\/div>\n\t\t<\/section>\n\t\t\t\t<section class=\"elementor-section elementor-top-section elementor-element elementor-element-6391ff4 elementor-section-boxed elementor-section-height-default elementor-section-height-default\" data-id=\"6391ff4\" data-element_type=\"section\">\n\t\t\t\t\t\t<div class=\"elementor-container elementor-column-gap-default\">\n\t\t\t\t\t\t\t<div class=\"elementor-row\">\n\t\t\t\t\t<div class=\"elementor-column elementor-col-100 elementor-top-column elementor-element elementor-element-7b1e746\" data-id=\"7b1e746\" data-element_type=\"column\">\n\t\t\t<div class=\"elementor-column-wrap elementor-element-populated\">\n\t\t\t\t\t\t\t<div class=\"elementor-widget-wrap\">\n\t\t\t\t\t\t<div class=\"elementor-element elementor-element-fc654bc elementor-align-center elementor-widget elementor-widget-button\" data-id=\"fc654bc\" data-element_type=\"widget\" data-widget_type=\"button.default\">\n\t\t\t\t<div class=\"elementor-widget-container\">\n\t\t\t\t\t<div class=\"elementor-button-wrapper\">\n\t\t\t<a href=\"http:\/\/grupoferrobrascombr.rnpneus.dominiotemporario.com\/site\" class=\"elementor-button-link elementor-button elementor-size-sm\" role=\"button\">\n\t\t\t\t\t\t<span class=\"elementor-button-content-wrapper\">\n\t\t\t\t\t\t<span class=\"elementor-button-text\">VOLTAR PARA P\u00c1GINA INICIAL<\/span>\n\t\t<\/span>\n\t\t\t\t\t<\/a>\n\t\t<\/div>\n\t\t\t\t<\/div>\n\t\t\t\t<\/div>\n\t\t\t\t\t\t<\/div>\n\t\t\t\t\t<\/div>\n\t\t<\/div>\n\t\t\t\t\t\t\t\t<\/div>\n\t\t\t\t\t<\/div>\n\t\t<\/section>\n\t\t\t\t\t\t<\/div>\n\t\t\t\t\t\t<\/div>\n\t\t\t\t\t<\/div>\n\t\t","protected":false},"excerpt":{"rendered":"<p>Hist\u00f3ria A Ferrobras nasceu da car\u00eancia na distribui\u00e7\u00e3o de produtos sider\u00fargicos na cidade de Muria\u00e9, tarefa que cabia a empresas de outras cidades e estados at\u00e9 ent\u00e3o. Ap\u00f3s uma pesquisa de mercado que confirmou a viabilidade do empreendimento, em mar\u00e7o de 1996 foi inaugurada a primeira loja, em um galp\u00e3o alugado no bairro da Barra. &hellip; <\/p>\n<p class=\"link-more\"><a href=\"http:\/\/grupoferrobrascombr.rnpneus.dominiotemporario.com\/site\/historia-ferrobras\/\" class=\"more-link\">Continue lendo<span class=\"screen-reader-text\"> &#8220;Hist\u00f3ria Ferrobras&#8221;<\/span><\/a><\/p>\n","protected":false},"author":1,"featured_media":0,"parent":0,"menu_order":0,"comment_status":"closed","ping_status":"closed","template":"","meta":[],"_links":{"self":[{"href":"http:\/\/grupoferrobrascombr.rnpneus.dominiotemporario.com\/site\/wp-json\/wp\/v2\/pages\/364"}],"collection":[{"href":"http:\/\/grupoferrobrascombr.rnpneus.dominiotemporario.com\/site\/wp-json\/wp\/v2\/pages"}],"about":[{"href":"http:\/\/grupoferrobrascombr.rnpneus.dominiotemporario.com\/site\/wp-json\/wp\/v2\/types\/page"}],"author":[{"embeddable":true,"href":"http:\/\/grupoferrobrascombr.rnpneus.dominiotemporario.com\/site\/wp-json\/wp\/v2\/users\/1"}],"replies":[{"embeddable":true,"href":"http:\/\/grupoferrobrascombr.rnpneus.dominiotemporario.com\/site\/wp-json\/wp\/v2\/comments?post=364"}],"version-history":[{"count":3,"href":"http:\/\/grupoferrobrascombr.rnpneus.dominiotemporario.com\/site\/wp-json\/wp\/v2\/pages\/364\/revisions"}],"predecessor-version":[{"id":463,"href":"http:\/\/grupoferrobrascombr.rnpneus.dominiotemporario.com\/site\/wp-json\/wp\/v2\/pages\/364\/revisions\/463"}],"wp:attachment":[{"href":"http:\/\/grupoferrobrascombr.rnpneus.dominiotemporario.com\/site\/wp-json\/wp\/v2\/media?parent=364"}],"curies":[{"name":"wp","href":"https:\/\/api.w.org\/{rel}","templated":true}]}}